{"id":2628,"date":"2025-08-18T20:50:17","date_gmt":"2025-08-18T20:50:17","guid":{"rendered":"https:\/\/castapremium.com\/?page_id=2628"},"modified":"2026-03-17T23:51:40","modified_gmt":"2026-03-17T23:51:40","slug":"castanews","status":"publish","type":"page","link":"https:\/\/castapremium.com\/index.php\/castanews\/","title":{"rendered":"CastaNews"},"content":{"rendered":"<div class=\"fusion-fullwidth fullwidth-box fusion-builder-row-1 fusion-flex-container has-pattern-background has-mask-background nonhundred-percent-fullwidth non-hundred-percent-height-scrolling\" style=\"--awb-border-radius-top-left:0px;--awb-border-radius-top-right:0px;--awb-border-radius-bottom-right:0px;--awb-border-radius-bottom-left:0px;--awb-padding-top:0px;--awb-margin-top:-60px;--awb-flex-wrap:wrap;\" ><div class=\"fusion-builder-row fusion-row fusion-flex-align-items-center fusion-flex-content-wrap\" style=\"max-width:1323px;margin-left: calc(-5% \/ 2 );margin-right: calc(-5% \/ 2 );\"><div class=\"fusion-layout-column fusion_builder_column fusion-builder-column-0 fusion_builder_column_3_4 3_4 fusion-flex-column fusion-animated\" style=\"--awb-bg-size:cover;--awb-width-large:75%;--awb-margin-top-large:0px;--awb-spacing-right-large:3.1666666666667%;--awb-margin-bottom-large:20px;--awb-spacing-left-large:3.1666666666667%;--awb-width-medium:100%;--awb-order-medium:0;--awb-spacing-right-medium:2.375%;--awb-spacing-left-medium:2.375%;--awb-width-small:100%;--awb-order-small:0;--awb-spacing-right-small:2.375%;--awb-spacing-left-small:2.375%;\" data-animationType=\"fadeInLeft\" data-animationDuration=\"1.5\" data-animationOffset=\"top-into-view\"><div class=\"fusion-column-wrapper fusion-column-has-shadow fusion-flex-justify-content-flex-start fusion-content-layout-column\"><div class=\"fusion-title title fusion-title-1 fusion-sep-none fusion-title-text fusion-title-size-one\"><h1 class=\"fusion-title-heading title-heading-left fusion-responsive-typography-calculated\" style=\"margin:0;--fontSize:50;line-height:var(--awb-typography1-line-height);\">Sobre Nosotros<\/h1><\/div><div class=\"fusion-title title fusion-title-2 fusion-sep-none fusion-title-text fusion-title-size-two\"><h2 class=\"fusion-title-heading title-heading-left fusion-responsive-typography-calculated\" style=\"font-family:&quot;Work Sans&quot;;font-style:normal;font-weight:400;margin:0;--fontSize:30;--minFontSize:30;line-height:var(--awb-typography1-line-height);\">En <span style=\"color: #d4a84a;\"><strong data-start=\"566\" data-end=\"587\">Castadog Premium Plus<\/strong><\/span><\/h2><\/div><div class=\"fusion-text fusion-text-1\" style=\"--awb-line-height:35px;\"><p style=\"text-align: justify;\">Sabemos que la buena alimentaci\u00f3n es la base de una vida larga y feliz para tu perro. Por eso, ofrecemos nutrici\u00f3n balanceada de alta calidad, elaborada con ingredientes cuidadosamente seleccionados que cuidan su salud desde adentro hacia afuera. Nuestras recetas han sido dise\u00f1adas para fortalecer el sistema inmunol\u00f3gico, mejorar la digesti\u00f3n y aportar vitalidad en cada etapa de la vida: desde la energ\u00eda y el crecimiento de los cachorros, hasta el cuidado especial que necesitan los perros adultos. Cada bocado es m\u00e1s que alimento: es bienestar, protecci\u00f3n y cari\u00f1o en forma de comida. Con Casta dog premium Plus, tu mejor amigo recibe lo que realmente merece: un cuidado real, constante y lleno de compromiso.<\/p>\n<\/div><\/div><\/div><div class=\"fusion-layout-column fusion_builder_column fusion-builder-column-1 fusion_builder_column_1_4 1_4 fusion-flex-column fusion-animated\" style=\"--awb-overflow:hidden;--awb-bg-size:cover;--awb-box-shadow:5px 5px 15px -1px rgba(0,0,0,0.28);;--awb-transform-origin:71% 73%;--awb-transition:filter 500ms ease, transform 500ms ease, background-color 500ms ease, border-color 500ms ease;--awb-border-radius:40px 20px 40px 20px;--awb-transform:rotate(1deg);--awb-transform-hover:rotate(0deg);--awb-width-large:25%;--awb-margin-top-large:0px;--awb-spacing-right-large:9.5%;--awb-margin-bottom-large:20px;--awb-spacing-left-large:9.5%;--awb-width-medium:100%;--awb-order-medium:0;--awb-spacing-right-medium:2.375%;--awb-spacing-left-medium:2.375%;--awb-width-small:100%;--awb-order-small:0;--awb-spacing-right-small:2.375%;--awb-spacing-left-small:2.375%;\" data-animationType=\"fadeInRight\" data-animationDuration=\"1.5\" data-animationOffset=\"top-into-view\" data-scroll-devices=\"small-visibility,medium-visibility,large-visibility\"><div class=\"fusion-column-wrapper fusion-column-has-shadow fusion-flex-justify-content-flex-start fusion-content-layout-column\"><div class=\"fusion-image-element \" style=\"text-align:center;--awb-caption-title-font-family:var(--h2_typography-font-family);--awb-caption-title-font-weight:var(--h2_typography-font-weight);--awb-caption-title-font-style:var(--h2_typography-font-style);--awb-caption-title-size:var(--h2_typography-font-size);--awb-caption-title-transform:var(--h2_typography-text-transform);--awb-caption-title-line-height:var(--h2_typography-line-height);--awb-caption-title-letter-spacing:var(--h2_typography-letter-spacing);\"><span class=\" fusion-imageframe imageframe-none imageframe-1 hover-type-zoomout\"><img decoding=\"async\" width=\"768\" height=\"1408\" title=\"Fondo545\" src=\"https:\/\/castapremium.com\/wp-content\/uploads\/2026\/02\/Fondo545.webp\" data-orig-src=\"https:\/\/castapremium.com\/wp-content\/uploads\/2026\/02\/Fondo545.webp\" alt class=\"lazyload img-responsive wp-image-3039\" srcset=\"data:image\/svg+xml,%3Csvg%20xmlns%3D%27http%3A%2F%2Fwww.w3.org%2F2000%2Fsvg%27%20width%3D%27768%27%20height%3D%271408%27%20viewBox%3D%270%200%20768%201408%27%3E%3Crect%20width%3D%27768%27%20height%3D%271408%27%20fill-opacity%3D%220%22%2F%3E%3C%2Fsvg%3E\" data-srcset=\"https:\/\/castapremium.com\/wp-content\/uploads\/2026\/02\/Fondo545-164x300.webp 164w, https:\/\/castapremium.com\/wp-content\/uploads\/2026\/02\/Fondo545-200x367.webp 200w, https:\/\/castapremium.com\/wp-content\/uploads\/2026\/02\/Fondo545-400x733.webp 400w, https:\/\/castapremium.com\/wp-content\/uploads\/2026\/02\/Fondo545-500x917.webp 500w, https:\/\/castapremium.com\/wp-content\/uploads\/2026\/02\/Fondo545-559x1024.webp 559w, https:\/\/castapremium.com\/wp-content\/uploads\/2026\/02\/Fondo545-600x1100.webp 600w, https:\/\/castapremium.com\/wp-content\/uploads\/2026\/02\/Fondo545-700x1283.webp 700w, https:\/\/castapremium.com\/wp-content\/uploads\/2026\/02\/Fondo545.webp 768w\" data-sizes=\"auto\" data-orig-sizes=\"(max-width: 1024px) 100vw, (max-width: 740px) 100vw, 400px\" \/><\/span><\/div><\/div><\/div><\/div><\/div>\n","protected":false},"excerpt":{"rendered":"","protected":false},"author":1,"featured_media":0,"parent":0,"menu_order":0,"comment_status":"closed","ping_status":"closed","template":"100-width.php","meta":{"_joinchat":[],"footnotes":""},"class_list":["post-2628","page","type-page","status-publish","hentry"],"acf":[],"_links":{"self":[{"href":"https:\/\/castapremium.com\/index.php\/wp-json\/wp\/v2\/pages\/2628","targetHints":{"allow":["GET"]}}],"collection":[{"href":"https:\/\/castapremium.com\/index.php\/wp-json\/wp\/v2\/pages"}],"about":[{"href":"https:\/\/castapremium.com\/index.php\/wp-json\/wp\/v2\/types\/page"}],"author":[{"embeddable":true,"href":"https:\/\/castapremium.com\/index.php\/wp-json\/wp\/v2\/users\/1"}],"replies":[{"embeddable":true,"href":"https:\/\/castapremium.com\/index.php\/wp-json\/wp\/v2\/comments?post=2628"}],"version-history":[{"count":20,"href":"https:\/\/castapremium.com\/index.php\/wp-json\/wp\/v2\/pages\/2628\/revisions"}],"predecessor-version":[{"id":3383,"href":"https:\/\/castapremium.com\/index.php\/wp-json\/wp\/v2\/pages\/2628\/revisions\/3383"}],"wp:attachment":[{"href":"https:\/\/castapremium.com\/index.php\/wp-json\/wp\/v2\/media?parent=2628"}],"curies":[{"name":"wp","href":"https:\/\/api.w.org\/{rel}","templated":true}]}}